{"id":1685,"date":"2020-07-30T15:41:44","date_gmt":"2020-07-30T14:41:44","guid":{"rendered":"https:\/\/www.lightsoftai.com\/?page_id=1685"},"modified":"2020-07-30T15:42:04","modified_gmt":"2020-07-30T14:42:04","slug":"links","status":"publish","type":"page","link":"https:\/\/www.lightsoftai.com\/?page_id=1685","title":{"rendered":""},"content":{"rendered":"<div id=\"pl-1685\"  class=\"panel-layout\" ><div id=\"pg-1685-0\"  class=\"panel-grid panel-has-style\" ><div style=\"padding: 100px 0; \" data-overlay=\"true\" class=\"panel-row-style panel-row-style-for-1685-0\" ><div id=\"pgc-1685-0-0\"  class=\"panel-grid-cell\" ><div id=\"linkcat-2\" class=\"so-panel widget widget_links panel-first-child panel-last-child\" data-index=\"0\" ><div style=\"text-align: left;\" data-title-color=\"#443f3f\" data-headings-color=\"#443f3f\" class=\"panel-widget-style panel-widget-style-for-1685-0-0-0\" ><h3 class=\"widget-title\">Links<\/h3>\n\t<ul class='xoxo blogroll'>\n<li><a href=\"https:\/\/www.lightsoftai.com\/blekingeleden\/\" title=\"Blekingeleden, Naturkarta. Blekingeleden f\u00f6r vandring p\u00e5 fina skogsv\u00e4gar. Blekingeleden g\u00e5r igenom S\u00f6lvesborg, J\u00e4msh\u00f6g, Olofstr\u00f6m, Karlshamn, J\u00e4rnavik, Saxemara, Ronneby, Tving, N\u00e4vrag\u00f6l, K\u00e4ttilsm\u00e5la, F\u00e5gelmara, Kristianopel och Br\u00f6ms\">Blekingeleden | Naturkartan | Vandring och Turistinformation<\/a>\nBlekingeleden, Naturkarta. Blekingeleden f\u00f6r vandring p\u00e5 fina skogsv\u00e4gar. Blekingeleden g\u00e5r igenom S\u00f6lvesborg, J\u00e4msh\u00f6g, Olofstr\u00f6m, Karlshamn, J\u00e4rnavik, Saxemara, Ronneby, Tving, N\u00e4vrag\u00f6l, K\u00e4ttilsm\u00e5la, F\u00e5gelmara, Kristianopel och Br\u00f6ms<\/li>\n<li><a href=\"https:\/\/app.lightsoftai.com\/statistik\/\" title=\"Statistics that follow the user instead then result from a single race\">Competition statistics<\/a>\nStatistics that follow the user instead then result from a single race<\/li>\n\n\t<\/ul>\n<\/div><\/div>\n<\/div><\/div><\/div><\/div>","protected":false},"excerpt":{"rendered":"<p>Links Blekingeleden | Naturkartan | Vandring och Turistinformation Blekingeleden, Naturkarta. Blekingeleden f\u00f6r vandring p\u00e5 fina skogsv\u00e4gar. Blekingeleden g\u00e5r igenom S\u00f6lvesborg, J\u00e4msh\u00f6g, Olofstr\u00f6m, Karlshamn, J\u00e4rnavik, Saxemara, Ronneby, Tving, N\u00e4vrag\u00f6l, K\u00e4ttilsm\u00e5la, F\u00e5gelmara, Kristianopel och Br\u00f6ms Competition statistics Statistics that follow the user instead then result from a single race<\/p>\n","protected":false},"author":1,"featured_media":0,"parent":0,"menu_order":0,"comment_status":"closed","ping_status":"closed","template":"page-templates\/page_fullwidth.php","meta":{"footnotes":""},"class_list":["post-1685","page","type-page","status-publish","hentry"],"_links":{"self":[{"href":"https:\/\/www.lightsoftai.com\/index.php?rest_route=\/wp\/v2\/pages\/1685","targetHints":{"allow":["GET"]}}],"collection":[{"href":"https:\/\/www.lightsoftai.com\/index.php?rest_route=\/wp\/v2\/pages"}],"about":[{"href":"https:\/\/www.lightsoftai.com\/index.php?rest_route=\/wp\/v2\/types\/page"}],"author":[{"embeddable":true,"href":"https:\/\/www.lightsoftai.com\/index.php?rest_route=\/wp\/v2\/users\/1"}],"replies":[{"embeddable":true,"href":"https:\/\/www.lightsoftai.com\/index.php?rest_route=%2Fwp%2Fv2%2Fcomments&post=1685"}],"version-history":[{"count":8,"href":"https:\/\/www.lightsoftai.com\/index.php?rest_route=\/wp\/v2\/pages\/1685\/revisions"}],"predecessor-version":[{"id":1694,"href":"https:\/\/www.lightsoftai.com\/index.php?rest_route=\/wp\/v2\/pages\/1685\/revisions\/1694"}],"wp:attachment":[{"href":"https:\/\/www.lightsoftai.com\/index.php?rest_route=%2Fwp%2Fv2%2Fmedia&parent=1685"}],"curies":[{"name":"wp","href":"https:\/\/api.w.org\/{rel}","templated":true}]}}